{"id":880,"date":"2024-12-05T21:02:16","date_gmt":"2024-12-05T20:02:16","guid":{"rendered":"https:\/\/antslab.eu\/?page_id=880"},"modified":"2025-06-13T13:35:15","modified_gmt":"2025-06-13T11:35:15","slug":"about","status":"publish","type":"page","link":"https:\/\/antslab.eu\/en\/antslab\/about\/","title":{"rendered":"Prototypy urz\u0105dze\u0144 elektronicznych &#8211; Kim jestem"},"content":{"rendered":"<div data-elementor-type=\"wp-page\" data-elementor-id=\"880\" class=\"elementor elementor-880\" data-elementor-post-type=\"page\">\n\t\t\t\t<div class=\"elementor-element elementor-element-8048db0 e-flex e-con-boxed e-con e-parent\" data-id=\"8048db0\" data-element_type=\"container\">\n\t\t\t\t\t<div class=\"e-con-inner\">\n\t\t<div class=\"elementor-element elementor-element-c2ab274 e-con-full e-flex elementor-invisible e-con e-child\" data-id=\"c2ab274\" data-element_type=\"container\" data-settings=\"{&quot;animation&quot;:&quot;fadeInLeft&quot;}\">\n\t\t\t\t<div class=\"elementor-element elementor-element-d86f260 elementor-widget elementor-widget-heading\" data-id=\"d86f260\" data-element_type=\"widget\" data-widget_type=\"heading.default\">\n\t\t\t\t<div class=\"elementor-widget-container\">\n\t\t\t\t\t<h1 class=\"elementor-heading-title elementor-size-default\">Electronic Device Prototypes - Who am I?<\/h1>\t\t\t\t<\/div>\n\t\t\t\t<\/div>\n\t\t\t\t<div class=\"elementor-element elementor-element-dd71ca3 elementor-widget elementor-widget-text-editor\" data-id=\"dd71ca3\" data-element_type=\"widget\" data-widget_type=\"text-editor.default\">\n\t\t\t\t<div class=\"elementor-widget-container\">\n\t\t\t\t\t\t\t\t\t<extra-color>Professional<\/extra-color>, who always goes one step further.\t\t\t\t\t\t\t\t<\/div>\n\t\t\t\t<\/div>\n\t\t\t\t<div class=\"elementor-element elementor-element-520850c elementor-widget elementor-widget-text-editor\" data-id=\"520850c\" data-element_type=\"widget\" data-widget_type=\"text-editor.default\">\n\t\t\t\t<div class=\"elementor-widget-container\">\n\t\t\t\t\t\t\t\t\tI appreciate the most <extra-color>creative<\/extra-color> podej\u015bcie do rozwi\u0105zywania problem\u00f3w i pasj\u0119 do <extra-color>innovations<\/extra-color>. Nothing is impossible - every challenge is a chance to find <extra-color>innovative<\/extra-color> solution that combines functionality with <extra-color>modernity<\/extra-color>.\nWierz\u0119, \u017ce nawet najtrudniejsze problemy mo\u017cna rozwi\u0105za\u0107 dzi\u0119ki po\u0142\u0105czeniu <extra-color>knowledge<\/extra-color>, experience and a bit of <extra-color>imagination<\/extra-color>.\nD\u0105\u017c\u0119 do tego, aby tworzone przeze mnie <extra-color>solutions<\/extra-color> were not only <extra-color>effective<\/extra-color>, but also <extra-color>inspiring<\/extra-color>, leaving a lasting mark in the areas that mattered to my <extra-color>passions<\/extra-color>.\t\t\t\t\t\t\t\t<\/div>\n\t\t\t\t<\/div>\n\t\t\t\t<\/div>\n\t\t<div class=\"elementor-element elementor-element-166cabd e-con-full e-flex elementor-invisible e-con e-child\" data-id=\"166cabd\" data-element_type=\"container\" data-settings=\"{&quot;animation&quot;:&quot;fadeInRight&quot;}\">\n\t\t\t\t<div class=\"elementor-element elementor-element-4e4d8a7 elementor-widget elementor-widget-image\" data-id=\"4e4d8a7\" data-element_type=\"widget\" data-widget_type=\"image.default\">\n\t\t\t\t<div class=\"elementor-widget-container\">\n\t\t\t\t\t\t\t\t\t\t\t\t\t\t\t<img fetchpriority=\"high\" decoding=\"async\" width=\"768\" height=\"768\" src=\"https:\/\/antslab.eu\/wp-content\/uploads\/2024\/12\/whiteonpcb-768x768.jpeg\" class=\"attachment-medium_large size-medium_large wp-image-926\" alt=\"Prototypy urz\u0105dze\u0144 elektronicznych - Kim jestem\" srcset=\"\" sizes=\"(max-width: 768px) 100vw, 768px\" data-srcset=\"\" \/>\t\t\t\t\t\t\t\t\t\t\t\t\t\t\t<\/div>\n\t\t\t\t<\/div>\n\t\t\t\t<\/div>\n\t\t\t\t\t<\/div>\n\t\t\t\t<\/div>\n\t\t\t\t<\/div>","protected":false},"excerpt":{"rendered":"<p>Prototypy urz\u0105dze\u0144 elektronicznych &#8211; Kim jestem Profesjonalista, kt\u00f3ry zawsze idzie o krok dalej.Najbardziej ceni\u0119 kreatywne podej\u015bcie do rozwi\u0105zywania problem\u00f3w i pasj\u0119 do innowacji. Nie ma rzeczy niemo\u017cliwych \u2013 ka\u017cde wyzwanie to szansa na znalezienie nowatorskiego rozwi\u0105zania, kt\u00f3re \u0142\u0105czy funkcjonalno\u015b\u0107 z nowoczesno\u015bci\u0105. Wierz\u0119, \u017ce nawet najtrudniejsze problemy mo\u017cna rozwi\u0105za\u0107 dzi\u0119ki po\u0142\u0105czeniu wiedzy, do\u015bwiadczenia i odrobiny wyobra\u017ani. [&hellip;]<\/p>\n","protected":false},"author":1,"featured_media":0,"parent":578,"menu_order":0,"comment_status":"closed","ping_status":"closed","template":"","meta":{"footnotes":""},"class_list":["post-880","page","type-page","status-publish","hentry"],"aioseo_notices":[],"_links":{"self":[{"href":"https:\/\/antslab.eu\/en\/wp-json\/wp\/v2\/pages\/880","targetHints":{"allow":["GET"]}}],"collection":[{"href":"https:\/\/antslab.eu\/en\/wp-json\/wp\/v2\/pages"}],"about":[{"href":"https:\/\/antslab.eu\/en\/wp-json\/wp\/v2\/types\/page"}],"author":[{"embeddable":true,"href":"https:\/\/antslab.eu\/en\/wp-json\/wp\/v2\/users\/1"}],"replies":[{"embeddable":true,"href":"https:\/\/antslab.eu\/en\/wp-json\/wp\/v2\/comments?post=880"}],"version-history":[{"count":28,"href":"https:\/\/antslab.eu\/en\/wp-json\/wp\/v2\/pages\/880\/revisions"}],"predecessor-version":[{"id":1003,"href":"https:\/\/antslab.eu\/en\/wp-json\/wp\/v2\/pages\/880\/revisions\/1003"}],"up":[{"embeddable":true,"href":"https:\/\/antslab.eu\/en\/wp-json\/wp\/v2\/pages\/578"}],"wp:attachment":[{"href":"https:\/\/antslab.eu\/en\/wp-json\/wp\/v2\/media?parent=880"}],"curies":[{"name":"wp","href":"https:\/\/api.w.org\/{rel}","templated":true}]}}